{"id":170,"date":"2024-10-09T19:50:24","date_gmt":"2024-10-09T17:50:24","guid":{"rendered":"https:\/\/lmental.org\/?page_id=170"},"modified":"2025-11-07T02:54:57","modified_gmt":"2025-11-07T01:54:57","slug":"en-lmental-tus-alumnos-desarrollaran","status":"publish","type":"page","link":"https:\/\/lmental.org\/index.php\/en-lmental-tus-alumnos-desarrollaran\/","title":{"rendered":"En LMental tus alumnos desarrollaran:"},"content":{"rendered":"\n<h2 class=\"wp-block-heading has-text-align-center\">Pensamiento Cr\u00edtico<\/h2>\n\n\n\n\n\n<p class=\"has-text-align-center\">El pensamiento cr\u00edtico es la habilidad de analizar, evaluar y cuestionar la informaci\u00f3n para tomar decisiones fundamentadas. En Lmental, impulsamos esta capacidad a trav\u00e9s de proyectos que desaf\u00edan a los estudiantes a explorar diversas situaciones, aplicar sus conocimientos y validar lo que han aprendido en contextos reales. De esta manera, fortalecen su capacidad de razonamiento, resoluci\u00f3n de problemas y toma de decisiones basada en evidencia.&nbsp;<\/p>\n\n\n\n\n\n<div class=\"wp-block-group is-layout-constrained wp-block-group-is-layout-constrained\"><div class=\"wp-block-group__inner-container\">\n<h2 class=\"wp-block-heading alignfull has-text-align-center\">Creatividad e Innovaci\u00f3n<\/h2>\n<\/div><\/div>\n\n\n\n\n\n<p class=\"has-text-align-center\">En Lmental, los estudiantes potencian su creatividad combinando la expresi\u00f3n art\u00edstica con el uso de tecnolog\u00edas emergentes. A trav\u00e9s de proyectos din\u00e1micos e innovadores, exploran nuevas formas de materializar sus ideas, desarrollando soluciones originales mientras disfrutan de un aprendizaje que adem\u00e1s de ser pr\u00e1ctico es divertido.&nbsp;<\/p>\n\n\n\n\n\n<h2 class=\"wp-block-heading has-text-align-center\">Empat\u00eda y Colaboraci\u00f3n<\/h2>\n\n\n\n\n\n<p class=\"has-text-align-center\">En Lmental, nuestros proyectos fomentan el trabajo en equipo y la convivencia, permitiendo a los estudiantes descubrir sus habilidades individuales y reconocer el valor de cada integrante en la construcci\u00f3n de soluciones en conjunto. A trav\u00e9s de la colaboraci\u00f3n, desarrollan empat\u00eda, comunicaci\u00f3n efectiva y un sentido de comunidad, aprendiendo a potenciar sus talentos para lograr objetivos comunes.&nbsp;<\/p>\n\n\n\n\n\n<h2 class=\"wp-block-heading has-text-align-center\">Resoluci\u00f3n de Problemas<\/h2>\n\n\n<div class=\"wp-block-image\">\n<figure class=\"aligncenter size-full\"><img loading=\"lazy\" decoding=\"async\" width=\"758\" height=\"508\" src=\"https:\/\/lmental.org\/wp-content\/uploads\/2024\/10\/Captura-de-pantalla-2024-08-09-a-las-9.18.53\u202fp.m.png\" alt=\"\" class=\"wp-image-175\" srcset=\"https:\/\/lmental.org\/wp-content\/uploads\/2024\/10\/Captura-de-pantalla-2024-08-09-a-las-9.18.53\u202fp.m.png 758w, https:\/\/lmental.org\/wp-content\/uploads\/2024\/10\/Captura-de-pantalla-2024-08-09-a-las-9.18.53\u202fp.m-300x201.png 300w\" sizes=\"(max-width: 758px) 100vw, 758px\" \/><\/figure><\/div>\n\n\n<p class=\"has-text-align-center\">Cada proyecto en Lmental est\u00e1 dise\u00f1ado para que los estudiantes analicen situaciones reales, identifiquen problemas y desarrollen soluciones innovadoras. A lo largo del proceso, aprenden a evaluar alternativas, tomar decisiones fundamentadas y aplicar sus conocimientos para generar cambios positivos en su entorno, fortaleciendo su autonom\u00eda y pensamiento estrat\u00e9gico.&nbsp;<\/p>\n\n\n\n\n\n<h2 class=\"wp-block-heading has-text-align-center\">Fluidez Digital<\/h2>\n\n\n\n\n\n<p>La fluidez digital no solo implica desarrollar habilidades tecnol\u00f3gicas, sino tambi\u00e9n comprender y adaptarse a la cultura digital. A trav\u00e9s de nuestros proyectos, los estudiantes aprenden a navegar de manera cr\u00edtica y segura en diversos entornos digitales, desde redes sociales hasta plataformas de trabajo, desarrollando estrategias para interactuar, crear y colaborar en el mundo digital de forma responsable y efectiva.&nbsp;<\/p>\n\n\n\n\n\n<h2 class=\"wp-block-heading has-text-align-center\">Aprendizaje Continuo<\/h2>\n\n\n\n\n\n<p class=\"has-text-align-center\">En Lmental, cada proyecto es una oportunidad para descubrir, explorar y evolucionar. Fomentamos una mentalidad de crecimiento en la que los estudiantes no solo adquieren nuevos conocimientos, sino que tambi\u00e9n desarrollan la motivaci\u00f3n para seguir innovando, cuestionando y buscando mejores formas de hacer las cosas a lo largo de su vida.&nbsp;<\/p>\n\n\n\n\n\n<h2 class=\"wp-block-heading has-text-align-center\">Toma de decisiones \u00e9tica<\/h2>\n\n\n\n\n\n<p class=\"has-text-align-center\">En Lmental, ense\u00f1amos a los estudiantes a evaluar cr\u00edticamente las implicaciones de sus ideas y soluciones. A trav\u00e9s del an\u00e1lisis de problemas reales, aprenden a considerar tanto las consecuencias positivas como los posibles efectos adversos de sus decisiones, fomentando una toma de decisiones consciente, responsable y basada en valores \u00e9ticos.<\/p>\n\n\n\n\n\n<h2 class=\"wp-block-heading has-text-align-center\">Resiliencia y Adaptabilidad<\/h2>\n\n\n\n\n\n<p class=\"has-text-align-center\">En Lmental, entendemos que el aprendizaje es un proceso en constante evoluci\u00f3n. A trav\u00e9s de nuestros proyectos, los estudiantes desarrollan la capacidad de enfrentar desaf\u00edos, adaptarse a los resultados y aprender de cada intento. Fomentamos una mentalidad en la que el error no es un obst\u00e1culo, sino una oportunidad para analizar, mejorar y volver a intentarlo, fortaleciendo as\u00ed su resiliencia y su capacidad de adaptaci\u00f3n ante cualquier reto.&nbsp;<\/p>\n\n\n\n\n\n<h2 class=\"wp-block-heading has-text-align-center\">Comunicaci\u00f3n Efectiva<\/h2>\n\n\n\n\n\n<p class=\"has-text-align-center\">El aprendizaje no consiste solamente en adquirir conocimientos, sino tambi\u00e9n en saber compartirlos. En Lmental fomentamos la comunicaci\u00f3n efectiva como una actividad clave, permitiendo que los estudiantes expresen sus ideas, expliquen sus procesos y transmitan lo que han aprendido. A trav\u00e9s de la presentaci\u00f3n y discusi\u00f3n de sus proyectos, fortalecen su capacidad de argumentaci\u00f3n, s\u00edntesis y expresi\u00f3n, asegurando que el conocimiento no solo se construya, sino que tambi\u00e9n se comunique de manera clara y significativa.<\/p>\n\n\n\n\n\n<h2 class=\"wp-block-heading has-text-align-center\">Habilidades manuales y motoras<\/h2>\n\n\n\n\n\n<p>En Lmental, el aprendizaje va m\u00e1s all\u00e1 del mundo digital. A gtrav\u00e9s de nuestros proyectos, los estudiantes desarrollan habilidades manuales y motoras utilizando diferentes herramientas como pinzas, martillos, serruchos y cables.  Estas experiencias pr\u00e1cticas fortalecen su coordinaci\u00f3n, precisi\u00f3n y destreza, promoviendo un desarrollo integral que combina el pensamiento creativo con la habilidad de materializar sus ideas.<\/p>\n\n\n\n\n\n<div class=\"wp-block-buttons alignwide is-content-justification-center is-layout-flex wp-container-core-buttons-layout-1 wp-block-buttons-is-layout-flex\">\n<div class=\"wp-block-button\"><a class=\"wp-block-button__link wp-element-button\" href=\"https:\/\/lmental.org\/index.php\/contacto\/\">Cont\u00e1ctanos para m\u00e1s informaci\u00f3n<\/a><\/div>\n<\/div>\n","protected":false},"excerpt":{"rendered":"<p>Pensamiento Cr\u00edtico El pensamiento cr\u00edtico es la habilidad de analizar, evaluar y cuestionar la informaci\u00f3n para tomar decisiones fundamentadas. En Lmental, impulsamos esta capacidad a trav\u00e9s de proyectos que desaf\u00edan a los estudiantes a explorar diversas situaciones, aplicar sus conocimientos y validar lo que han aprendido en contextos reales. De esta manera, fortalecen su capacidad [&hellip;]<\/p>\n","protected":false},"author":1,"featured_media":0,"parent":0,"menu_order":0,"comment_status":"closed","ping_status":"closed","template":"","meta":{"saved_in_kubio":true,"footnotes":""},"kubio_ai_page_context":{"short_desc":"","purpose":"general"},"_links":{"self":[{"href":"https:\/\/lmental.org\/index.php\/wp-json\/wp\/v2\/pages\/170"}],"collection":[{"href":"https:\/\/lmental.org\/index.php\/wp-json\/wp\/v2\/pages"}],"about":[{"href":"https:\/\/lmental.org\/index.php\/wp-json\/wp\/v2\/types\/page"}],"author":[{"embeddable":true,"href":"https:\/\/lmental.org\/index.php\/wp-json\/wp\/v2\/users\/1"}],"replies":[{"embeddable":true,"href":"https:\/\/lmental.org\/index.php\/wp-json\/wp\/v2\/comments?post=170"}],"version-history":[{"count":12,"href":"https:\/\/lmental.org\/index.php\/wp-json\/wp\/v2\/pages\/170\/revisions"}],"predecessor-version":[{"id":289,"href":"https:\/\/lmental.org\/index.php\/wp-json\/wp\/v2\/pages\/170\/revisions\/289"}],"wp:attachment":[{"href":"https:\/\/lmental.org\/index.php\/wp-json\/wp\/v2\/media?parent=170"}],"curies":[{"name":"wp","href":"https:\/\/api.w.org\/{rel}","templated":true}]}}